{"id":5457,"date":"2018-01-05T01:43:58","date_gmt":"2018-01-05T01:43:58","guid":{"rendered":"http:\/\/antonionoir.com.br\/?page_id=5457"},"modified":"2026-01-18T00:33:09","modified_gmt":"2026-01-18T00:33:09","slug":"sobre-nos","status":"publish","type":"page","link":"https:\/\/antonionoir.com.br\/index.php\/sobre-nos\/","title":{"rendered":"Sobre N\u00f3s"},"content":{"rendered":"<style type=\"text\/css\"><\/style><div style=\"max-width: 1200px; margin: 0 auto; padding-top: 60px; padding-bottom: 30px; font-family: sans-serif;\">\n<div style=\"width: 100%;\">\n<div style=\"text-align: center; margin-bottom: 20px;\">\n            <img decoding=\"async\" src=\"https:\/\/antonionoir.com.br\/wp-content\/uploads\/2017\/06\/cart\u00e3o-estamparia-2_1.jpg\" \n                 alt=\"Cart\u00e3o Estamparia\" \n                 style=\"max-width: 100%; height: auto; display: inline-block;\"><\/div>\n<hr style=\"border: 0; border-top: 1px solid #e0e0e0; margin: 50px 0; width: 100%;\">\n<\/div>\n<\/div>\n<p style=\"text-align: justify;\"><strong><u>NOIR REPRESENTA\u00c7OES TEXTEIS LTDA<\/u><\/strong>, com sua experi\u00eancia vivenciada pelo trabalho nos \u00faltimos 30 anos Iniciou suas atividades como vendedor t\u00e9cnico t\u00eaxtil em 1979 a 1990 em uma das melhores marcas da \u00e9poca em tecidos e roupas para cama mesa banho ARTEX, trazendo a nossas representadas hoje frutos de um trabalho e uma \u00f3tima clientela Direcionada somente no segmento de Tecidos a metro Roupas para Cama mesa banho, Em 1990 senti a necessidade de montar minha pr\u00f3pria empresa.<\/p>\n<p style=\"text-align: center;\">Fundada em 1990, a Noir Representa\u00e7\u00f5es, atua no ramo de Tecidos, cama, mesa, banho e decora\u00e7\u00e3o, prestando servi\u00e7o de representa\u00e7\u00e3o comercial para grandes marcas junto \u00e1 Revendedores, Confeccionistas, Varejo, Atacadistas, Lavanderias, Hot\u00e9is na regi\u00e3o de S\u00e3o Paulo, e grande S\u00e3o Paulo.<\/p>\n<p style=\"text-align: center;\">Compet\u00eancia, Profissionalismo e Transpar\u00eancia s\u00e3o os principais atributos que contribu\u00edram para que nossa empresa pudesse ocupar um lugar de destaque em um mercado t\u00e3o exigente e competitivo como o de S\u00e3o Paulo; conquistando n\u00e3o s\u00f3 o respeito e a credibilidade dos clientes, mas tamb\u00e9m dos fabricantes.<\/p>\n<table class=\" aligncenter\" width=\"624\">\n<tbody>\n<tr>\n<td width=\"26\"><\/td>\n<td colspan=\"3\" width=\"591\">Nossa miss\u00e3o\u00a0\u00e9\u00a0estabelecer uma Rela\u00e7\u00e3o Comercial respeitosa, transparente e cont\u00ednua entre\u00a0 os fabricantes e os clientes,\u00a0 a fim de que o grande objetivo de todos seja alcan\u00e7ado: \u201cSUCESSO\u201d.<\/p>\n<p>Passei a diversificar meus produtos, n\u00e3o vendendo apenas tecidos a metro, e sim diversificando e especializando tamb\u00e9m para Roupas para Cama &amp; Banho.<\/p>\n<p>Carreguei comigo os princ\u00edpios ,\u00a0<em>honestidade tem que estar acima de qualquer suspeita<\/em>, adquiri credibilidade e respeito com as empresas e com o ser humano. Assim fui construindo a NOIR REPRESENTA\u00c7\u00d5ES, com s\u00f3lidos conceitos empresariais e familiares, pois \u00e9 a minha 2\u00aa fam\u00edlia.<\/td>\n<td><\/td>\n<\/tr>\n<tr>\n<td colspan=\"2\" width=\"590\">&nbsp;<\/p>\n<p>Hoje a Noir Representa\u00e7\u00f5es tem algumas representadas que nos acompanham nesta jornada, todas t\u00eam um s\u00f3lido conceito no mercado e respeito por seus colaboradores.<\/td>\n<td><\/td>\n<td colspan=\"2\" width=\"26\"><\/td>\n<\/tr>\n<\/tbody>\n<\/table>\n","protected":false},"excerpt":{"rendered":"<p>NOIR REPRESENTA\u00c7OES TEXTEIS LTDA, com sua experi\u00eancia vivenciada pelo trabalho nos \u00faltimos 30 anos Iniciou suas atividades como vendedor t\u00e9cnico t\u00eaxtil em 1979 a 1990 em uma das melhores marcas da \u00e9poca em tecidos e roupas para cama mesa banho ARTEX, trazendo a nossas representadas hoje frutos de um trabalho e uma \u00f3tima clientela Direcionada&#8230;<\/p>\n","protected":false},"author":1,"featured_media":0,"parent":0,"menu_order":0,"comment_status":"closed","ping_status":"closed","template":"","meta":{"footnotes":""},"class_list":["post-5457","page","type-page","status-publish","hentry"],"_links":{"self":[{"href":"https:\/\/antonionoir.com.br\/index.php\/wp-json\/wp\/v2\/pages\/5457","targetHints":{"allow":["GET"]}}],"collection":[{"href":"https:\/\/antonionoir.com.br\/index.php\/wp-json\/wp\/v2\/pages"}],"about":[{"href":"https:\/\/antonionoir.com.br\/index.php\/wp-json\/wp\/v2\/types\/page"}],"author":[{"embeddable":true,"href":"https:\/\/antonionoir.com.br\/index.php\/wp-json\/wp\/v2\/users\/1"}],"replies":[{"embeddable":true,"href":"https:\/\/antonionoir.com.br\/index.php\/wp-json\/wp\/v2\/comments?post=5457"}],"version-history":[{"count":1,"href":"https:\/\/antonionoir.com.br\/index.php\/wp-json\/wp\/v2\/pages\/5457\/revisions"}],"predecessor-version":[{"id":6064,"href":"https:\/\/antonionoir.com.br\/index.php\/wp-json\/wp\/v2\/pages\/5457\/revisions\/6064"}],"wp:attachment":[{"href":"https:\/\/antonionoir.com.br\/index.php\/wp-json\/wp\/v2\/media?parent=5457"}],"curies":[{"name":"wp","href":"https:\/\/api.w.org\/{rel}","templated":true}]}}