{"id":5547,"date":"2018-08-28T01:26:41","date_gmt":"2018-08-28T01:26:41","guid":{"rendered":"http:\/\/antonionoir.com.br\/?page_id=5547"},"modified":"2018-08-28T01:26:41","modified_gmt":"2018-08-28T01:26:41","slug":"linha-premium-plus","status":"publish","type":"page","link":"https:\/\/antonionoir.com.br\/index.php\/linha-premium-plus\/","title":{"rendered":"Linha Premium Plus"},"content":{"rendered":"<style type=\"text\/css\"> \n#cmsmasters_row_69f396f9645ea .cmsmasters_row_outer_parent { \n\tpadding-top: 60px; \n} \n\n#cmsmasters_row_69f396f9645ea .cmsmasters_row_outer_parent { \n\tpadding-bottom: 30px; \n} \n\n \n#cmsmasters_row_69f396f964e18 .cmsmasters_row_outer_parent { \n\tpadding-top: 60px; \n} \n\n#cmsmasters_row_69f396f964e18 .cmsmasters_row_outer_parent { \n\tpadding-bottom: 30px; \n} \n\n \n#cmsmasters_heading_69f396f964f51 { \n\ttext-align:left; \n\tmargin-top:0px; \n\tmargin-bottom:35px; \n} \n\n#cmsmasters_heading_69f396f964f51 .cmsmasters_heading { \n\ttext-align:left; \n} \n\n#cmsmasters_heading_69f396f964f51 .cmsmasters_heading, #cmsmasters_heading_69f396f964f51 .cmsmasters_heading a { \n\tfont-size:26px; \n\tline-height:46px; \n\tfont-weight:500; \n\tfont-style:normal; \n} \n\n#cmsmasters_heading_69f396f964f51 .cmsmasters_heading_divider { \n} \n\n\n\t\t\t\t#cmsmasters_gallery_69f396f964f7b .cmsmasters_gallery {\n\t\t\t\t\tmargin:0 0 0 -10px;\n\t\t\t\t}\n\t\t\t\t\n\t\t\t\t#cmsmasters_gallery_69f396f964f7b .cmsmasters_gallery .cmsmasters_gallery_item {\n\t\t\t\t\tpadding:0 0 10px 10px;\n\t\t\t\t}\n\t\t\t\n#cmsmasters_button_69f396f973bba { \n\tfloat:left; \n} \n\n#cmsmasters_button_69f396f973bba .cmsmasters_button:before { \n\tmargin-right:.5em; \n\tmargin-left:0; \n\tvertical-align:baseline; \n} \n\n#cmsmasters_button_69f396f973bba .cmsmasters_button { \n\tfont-weight:normal; \n\tfont-style:normal; \n\tborder-style:solid; \n\tbackground-color:#1330db;\n} \n#cmsmasters_button_69f396f973bba .cmsmasters_button:hover { \n} \n<\/style><div id=\"cmsmasters_row_69f396f9645ea\" class=\"cmsmasters_row cmsmasters_color_scheme_default cmsmasters_row_top_default cmsmasters_row_bot_default cmsmasters_row_boxed\">\n<div class=\"cmsmasters_row_outer_parent\">\n<div class=\"cmsmasters_row_outer\">\n<div class=\"cmsmasters_row_inner\">\n<div class=\"cmsmasters_row_margin\">\n<div class=\"cmsmasters_column one_first\">\n<div class=\"aligncenter\">\n<div class=\"cmsmasters_img  cmsmasters_image_c\">\n<a href=\"https:\/\/antonionoir.com.br\/wp-content\/uploads\/2018\/08\/linha-premium-plus.jpg\"><img decoding=\"async\" src=\"https:\/\/antonionoir.com.br\/wp-content\/uploads\/2018\/08\/linha-premium-plus.jpg\" alt=\"\" \/><\/a>\n<\/div>\n<\/div>\n<\/div>\n<\/div>\n<\/div>\n<\/div>\n<\/div>\n<\/div>\n<div id=\"cmsmasters_row_69f396f964e18\" class=\"cmsmasters_row cmsmasters_color_scheme_default cmsmasters_row_top_default cmsmasters_row_bot_default cmsmasters_row_boxed\">\n<div class=\"cmsmasters_row_outer_parent\">\n<div class=\"cmsmasters_row_outer\">\n<div class=\"cmsmasters_row_inner\">\n<div class=\"cmsmasters_row_margin\">\n<div class=\"cmsmasters_column one_half\">\n\n<div id=\"cmsmasters_heading_69f396f964f51\" class=\"cmsmasters_heading_wrap cmsmasters_heading_align_left\">\n\t<h1 class=\"cmsmasters_heading\">Linha Premium Plus<\/h1>\n<\/div><div id=\"cmsmasters_gallery_69f396f964f7b\" class=\"cmsmasters_gallery_wrap\"><ul class=\"cmsmasters_gallery cmsmasters_4 cmsmasters_more_items_loader\"><li class=\"cmsmasters_gallery_item\"><figure><a href=\"https:\/\/antonionoir.com.br\/wp-content\/uploads\/2018\/08\/premium-plus1.jpg\" rel=\"ilightbox[69f396f964f7b]\"><img decoding=\"async\" width=\"150\" height=\"150\" src=\"https:\/\/antonionoir.com.br\/wp-content\/uploads\/2018\/08\/premium-plus1-150x150.jpg\" class=\"attachment-thumbnail size-thumbnail\" alt=\"\" srcset=\"https:\/\/antonionoir.com.br\/wp-content\/uploads\/2018\/08\/premium-plus1-150x150.jpg 150w, https:\/\/antonionoir.com.br\/wp-content\/uploads\/2018\/08\/premium-plus1-50x50.jpg 50w, https:\/\/antonionoir.com.br\/wp-content\/uploads\/2018\/08\/premium-plus1-300x300.jpg 300w, https:\/\/antonionoir.com.br\/wp-content\/uploads\/2018\/08\/premium-plus1-260x260.jpg 260w\" sizes=\"(max-width: 150px) 100vw, 150px\" \/><\/a><\/figure><\/li><li class=\"cmsmasters_gallery_item\"><figure><a href=\"https:\/\/antonionoir.com.br\/wp-content\/uploads\/2018\/08\/premium-plus2.jpg\" rel=\"ilightbox[69f396f964f7b]\"><img decoding=\"async\" width=\"150\" height=\"150\" src=\"https:\/\/antonionoir.com.br\/wp-content\/uploads\/2018\/08\/premium-plus2-150x150.jpg\" class=\"attachment-thumbnail size-thumbnail\" alt=\"\" srcset=\"https:\/\/antonionoir.com.br\/wp-content\/uploads\/2018\/08\/premium-plus2-150x150.jpg 150w, https:\/\/antonionoir.com.br\/wp-content\/uploads\/2018\/08\/premium-plus2-50x50.jpg 50w, https:\/\/antonionoir.com.br\/wp-content\/uploads\/2018\/08\/premium-plus2-300x300.jpg 300w, https:\/\/antonionoir.com.br\/wp-content\/uploads\/2018\/08\/premium-plus2-260x260.jpg 260w\" sizes=\"(max-width: 150px) 100vw, 150px\" \/><\/a><\/figure><\/li><li class=\"cmsmasters_gallery_item\"><figure><a href=\"https:\/\/antonionoir.com.br\/wp-content\/uploads\/2018\/08\/premium-plus3.jpg\" rel=\"ilightbox[69f396f964f7b]\"><img decoding=\"async\" width=\"150\" height=\"150\" src=\"https:\/\/antonionoir.com.br\/wp-content\/uploads\/2018\/08\/premium-plus3-150x150.jpg\" class=\"attachment-thumbnail size-thumbnail\" alt=\"\" srcset=\"https:\/\/antonionoir.com.br\/wp-content\/uploads\/2018\/08\/premium-plus3-150x150.jpg 150w, https:\/\/antonionoir.com.br\/wp-content\/uploads\/2018\/08\/premium-plus3-50x50.jpg 50w, https:\/\/antonionoir.com.br\/wp-content\/uploads\/2018\/08\/premium-plus3-300x300.jpg 300w, https:\/\/antonionoir.com.br\/wp-content\/uploads\/2018\/08\/premium-plus3-260x260.jpg 260w\" sizes=\"(max-width: 150px) 100vw, 150px\" \/><\/a><\/figure><\/li><li class=\"cmsmasters_gallery_item\"><figure><a href=\"https:\/\/antonionoir.com.br\/wp-content\/uploads\/2018\/08\/premium-plus4.jpg\" rel=\"ilightbox[69f396f964f7b]\"><img loading=\"lazy\" decoding=\"async\" width=\"150\" height=\"150\" src=\"https:\/\/antonionoir.com.br\/wp-content\/uploads\/2018\/08\/premium-plus4-150x150.jpg\" class=\"attachment-thumbnail size-thumbnail\" alt=\"\" srcset=\"https:\/\/antonionoir.com.br\/wp-content\/uploads\/2018\/08\/premium-plus4-150x150.jpg 150w, https:\/\/antonionoir.com.br\/wp-content\/uploads\/2018\/08\/premium-plus4-50x50.jpg 50w, https:\/\/antonionoir.com.br\/wp-content\/uploads\/2018\/08\/premium-plus4-300x300.jpg 300w, https:\/\/antonionoir.com.br\/wp-content\/uploads\/2018\/08\/premium-plus4-260x260.jpg 260w\" sizes=\"(max-width: 150px) 100vw, 150px\" \/><\/a><\/figure><\/li><li class=\"cmsmasters_gallery_item\"><figure><a href=\"https:\/\/antonionoir.com.br\/wp-content\/uploads\/2018\/08\/premium-plus5.jpg\" rel=\"ilightbox[69f396f964f7b]\"><img loading=\"lazy\" decoding=\"async\" width=\"150\" height=\"150\" src=\"https:\/\/antonionoir.com.br\/wp-content\/uploads\/2018\/08\/premium-plus5-150x150.jpg\" class=\"attachment-thumbnail size-thumbnail\" alt=\"\" srcset=\"https:\/\/antonionoir.com.br\/wp-content\/uploads\/2018\/08\/premium-plus5-150x150.jpg 150w, https:\/\/antonionoir.com.br\/wp-content\/uploads\/2018\/08\/premium-plus5-50x50.jpg 50w, https:\/\/antonionoir.com.br\/wp-content\/uploads\/2018\/08\/premium-plus5-300x300.jpg 300w, https:\/\/antonionoir.com.br\/wp-content\/uploads\/2018\/08\/premium-plus5-260x260.jpg 260w\" sizes=\"(max-width: 150px) 100vw, 150px\" \/><\/a><\/figure><\/li><li class=\"cmsmasters_gallery_item\"><figure><a href=\"https:\/\/antonionoir.com.br\/wp-content\/uploads\/2018\/08\/premium-plus6.jpg\" rel=\"ilightbox[69f396f964f7b]\"><img loading=\"lazy\" decoding=\"async\" width=\"150\" height=\"150\" src=\"https:\/\/antonionoir.com.br\/wp-content\/uploads\/2018\/08\/premium-plus6-150x150.jpg\" class=\"attachment-thumbnail size-thumbnail\" alt=\"\" srcset=\"https:\/\/antonionoir.com.br\/wp-content\/uploads\/2018\/08\/premium-plus6-150x150.jpg 150w, https:\/\/antonionoir.com.br\/wp-content\/uploads\/2018\/08\/premium-plus6-50x50.jpg 50w, https:\/\/antonionoir.com.br\/wp-content\/uploads\/2018\/08\/premium-plus6-300x300.jpg 300w, https:\/\/antonionoir.com.br\/wp-content\/uploads\/2018\/08\/premium-plus6-260x260.jpg 260w\" sizes=\"(max-width: 150px) 100vw, 150px\" \/><\/a><\/figure><\/li><li class=\"cmsmasters_gallery_item\"><figure><a href=\"https:\/\/antonionoir.com.br\/wp-content\/uploads\/2018\/08\/premium-plus7.jpg\" rel=\"ilightbox[69f396f964f7b]\"><img loading=\"lazy\" decoding=\"async\" width=\"150\" height=\"150\" src=\"https:\/\/antonionoir.com.br\/wp-content\/uploads\/2018\/08\/premium-plus7-150x150.jpg\" class=\"attachment-thumbnail size-thumbnail\" alt=\"\" srcset=\"https:\/\/antonionoir.com.br\/wp-content\/uploads\/2018\/08\/premium-plus7-150x150.jpg 150w, https:\/\/antonionoir.com.br\/wp-content\/uploads\/2018\/08\/premium-plus7-50x50.jpg 50w, https:\/\/antonionoir.com.br\/wp-content\/uploads\/2018\/08\/premium-plus7-300x300.jpg 300w, https:\/\/antonionoir.com.br\/wp-content\/uploads\/2018\/08\/premium-plus7-260x260.jpg 260w\" sizes=\"(max-width: 150px) 100vw, 150px\" \/><\/a><\/figure><\/li><li class=\"cmsmasters_gallery_item\"><figure><a href=\"https:\/\/antonionoir.com.br\/wp-content\/uploads\/2018\/08\/premium-plus8.jpg\" rel=\"ilightbox[69f396f964f7b]\"><img loading=\"lazy\" decoding=\"async\" width=\"150\" height=\"150\" src=\"https:\/\/antonionoir.com.br\/wp-content\/uploads\/2018\/08\/premium-plus8-150x150.jpg\" class=\"attachment-thumbnail size-thumbnail\" alt=\"\" srcset=\"https:\/\/antonionoir.com.br\/wp-content\/uploads\/2018\/08\/premium-plus8-150x150.jpg 150w, https:\/\/antonionoir.com.br\/wp-content\/uploads\/2018\/08\/premium-plus8-50x50.jpg 50w, https:\/\/antonionoir.com.br\/wp-content\/uploads\/2018\/08\/premium-plus8-300x300.jpg 300w, https:\/\/antonionoir.com.br\/wp-content\/uploads\/2018\/08\/premium-plus8-260x260.jpg 260w\" sizes=\"(max-width: 150px) 100vw, 150px\" \/><\/a><\/figure><\/li><li class=\"cmsmasters_gallery_item\"><figure><a href=\"https:\/\/antonionoir.com.br\/wp-content\/uploads\/2018\/08\/premium-plus9.jpg\" rel=\"ilightbox[69f396f964f7b]\"><img loading=\"lazy\" decoding=\"async\" width=\"150\" height=\"150\" src=\"https:\/\/antonionoir.com.br\/wp-content\/uploads\/2018\/08\/premium-plus9-150x150.jpg\" class=\"attachment-thumbnail size-thumbnail\" alt=\"\" srcset=\"https:\/\/antonionoir.com.br\/wp-content\/uploads\/2018\/08\/premium-plus9-150x150.jpg 150w, https:\/\/antonionoir.com.br\/wp-content\/uploads\/2018\/08\/premium-plus9-50x50.jpg 50w, https:\/\/antonionoir.com.br\/wp-content\/uploads\/2018\/08\/premium-plus9-300x300.jpg 300w, https:\/\/antonionoir.com.br\/wp-content\/uploads\/2018\/08\/premium-plus9-260x260.jpg 260w\" sizes=\"(max-width: 150px) 100vw, 150px\" \/><\/a><\/figure><\/li><li class=\"cmsmasters_gallery_item\"><figure><a href=\"https:\/\/antonionoir.com.br\/wp-content\/uploads\/2018\/08\/premium-plus10.jpg\" rel=\"ilightbox[69f396f964f7b]\"><img loading=\"lazy\" decoding=\"async\" width=\"150\" height=\"150\" src=\"https:\/\/antonionoir.com.br\/wp-content\/uploads\/2018\/08\/premium-plus10-150x150.jpg\" class=\"attachment-thumbnail size-thumbnail\" alt=\"\" srcset=\"https:\/\/antonionoir.com.br\/wp-content\/uploads\/2018\/08\/premium-plus10-150x150.jpg 150w, https:\/\/antonionoir.com.br\/wp-content\/uploads\/2018\/08\/premium-plus10-50x50.jpg 50w, https:\/\/antonionoir.com.br\/wp-content\/uploads\/2018\/08\/premium-plus10-300x300.jpg 300w, https:\/\/antonionoir.com.br\/wp-content\/uploads\/2018\/08\/premium-plus10-260x260.jpg 260w\" sizes=\"(max-width: 150px) 100vw, 150px\" \/><\/a><\/figure><\/li><li class=\"cmsmasters_gallery_item\"><figure><a href=\"https:\/\/antonionoir.com.br\/wp-content\/uploads\/2018\/08\/premium-plus11.jpg\" rel=\"ilightbox[69f396f964f7b]\"><img loading=\"lazy\" decoding=\"async\" width=\"150\" height=\"150\" src=\"https:\/\/antonionoir.com.br\/wp-content\/uploads\/2018\/08\/premium-plus11-150x150.jpg\" class=\"attachment-thumbnail size-thumbnail\" alt=\"\" srcset=\"https:\/\/antonionoir.com.br\/wp-content\/uploads\/2018\/08\/premium-plus11-150x150.jpg 150w, https:\/\/antonionoir.com.br\/wp-content\/uploads\/2018\/08\/premium-plus11-50x50.jpg 50w, https:\/\/antonionoir.com.br\/wp-content\/uploads\/2018\/08\/premium-plus11-300x300.jpg 300w, https:\/\/antonionoir.com.br\/wp-content\/uploads\/2018\/08\/premium-plus11-260x260.jpg 260w\" sizes=\"(max-width: 150px) 100vw, 150px\" \/><\/a><\/figure><\/li><li class=\"cmsmasters_gallery_item\"><figure><a href=\"https:\/\/antonionoir.com.br\/wp-content\/uploads\/2018\/08\/premium-plus12.jpg\" rel=\"ilightbox[69f396f964f7b]\"><img loading=\"lazy\" decoding=\"async\" width=\"150\" height=\"150\" src=\"https:\/\/antonionoir.com.br\/wp-content\/uploads\/2018\/08\/premium-plus12-150x150.jpg\" class=\"attachment-thumbnail size-thumbnail\" alt=\"\" srcset=\"https:\/\/antonionoir.com.br\/wp-content\/uploads\/2018\/08\/premium-plus12-150x150.jpg 150w, https:\/\/antonionoir.com.br\/wp-content\/uploads\/2018\/08\/premium-plus12-50x50.jpg 50w, https:\/\/antonionoir.com.br\/wp-content\/uploads\/2018\/08\/premium-plus12-300x300.jpg 300w, https:\/\/antonionoir.com.br\/wp-content\/uploads\/2018\/08\/premium-plus12-260x260.jpg 260w\" sizes=\"(max-width: 150px) 100vw, 150px\" \/><\/a><\/figure><\/li><li class=\"cmsmasters_gallery_item\"><figure><a href=\"https:\/\/antonionoir.com.br\/wp-content\/uploads\/2018\/08\/premium-plus13.jpg\" rel=\"ilightbox[69f396f964f7b]\"><img loading=\"lazy\" decoding=\"async\" width=\"150\" height=\"150\" src=\"https:\/\/antonionoir.com.br\/wp-content\/uploads\/2018\/08\/premium-plus13-150x150.jpg\" class=\"attachment-thumbnail size-thumbnail\" alt=\"\" srcset=\"https:\/\/antonionoir.com.br\/wp-content\/uploads\/2018\/08\/premium-plus13-150x150.jpg 150w, https:\/\/antonionoir.com.br\/wp-content\/uploads\/2018\/08\/premium-plus13-50x50.jpg 50w, https:\/\/antonionoir.com.br\/wp-content\/uploads\/2018\/08\/premium-plus13-300x300.jpg 300w, https:\/\/antonionoir.com.br\/wp-content\/uploads\/2018\/08\/premium-plus13-260x260.jpg 260w\" sizes=\"(max-width: 150px) 100vw, 150px\" \/><\/a><\/figure><\/li><li class=\"cmsmasters_gallery_item\"><figure><a href=\"https:\/\/antonionoir.com.br\/wp-content\/uploads\/2018\/08\/premium-plus14.jpg\" rel=\"ilightbox[69f396f964f7b]\"><img loading=\"lazy\" decoding=\"async\" width=\"150\" height=\"150\" src=\"https:\/\/antonionoir.com.br\/wp-content\/uploads\/2018\/08\/premium-plus14-150x150.jpg\" class=\"attachment-thumbnail size-thumbnail\" alt=\"\" srcset=\"https:\/\/antonionoir.com.br\/wp-content\/uploads\/2018\/08\/premium-plus14-150x150.jpg 150w, https:\/\/antonionoir.com.br\/wp-content\/uploads\/2018\/08\/premium-plus14-50x50.jpg 50w, https:\/\/antonionoir.com.br\/wp-content\/uploads\/2018\/08\/premium-plus14-300x300.jpg 300w, https:\/\/antonionoir.com.br\/wp-content\/uploads\/2018\/08\/premium-plus14-260x260.jpg 260w\" sizes=\"(max-width: 150px) 100vw, 150px\" \/><\/a><\/figure><\/li><li class=\"cmsmasters_gallery_item\"><figure><a href=\"https:\/\/antonionoir.com.br\/wp-content\/uploads\/2018\/08\/premium-plus15.jpg\" rel=\"ilightbox[69f396f964f7b]\"><img loading=\"lazy\" decoding=\"async\" width=\"150\" height=\"150\" src=\"https:\/\/antonionoir.com.br\/wp-content\/uploads\/2018\/08\/premium-plus15-150x150.jpg\" class=\"attachment-thumbnail size-thumbnail\" alt=\"\" srcset=\"https:\/\/antonionoir.com.br\/wp-content\/uploads\/2018\/08\/premium-plus15-150x150.jpg 150w, https:\/\/antonionoir.com.br\/wp-content\/uploads\/2018\/08\/premium-plus15-50x50.jpg 50w, https:\/\/antonionoir.com.br\/wp-content\/uploads\/2018\/08\/premium-plus15-300x300.jpg 300w, https:\/\/antonionoir.com.br\/wp-content\/uploads\/2018\/08\/premium-plus15-260x260.jpg 260w\" sizes=\"(max-width: 150px) 100vw, 150px\" \/><\/a><\/figure><\/li><li class=\"cmsmasters_gallery_item\"><figure><a href=\"https:\/\/antonionoir.com.br\/wp-content\/uploads\/2018\/08\/premium-plus16.jpg\" rel=\"ilightbox[69f396f964f7b]\"><img loading=\"lazy\" decoding=\"async\" width=\"150\" height=\"150\" src=\"https:\/\/antonionoir.com.br\/wp-content\/uploads\/2018\/08\/premium-plus16-150x150.jpg\" class=\"attachment-thumbnail size-thumbnail\" alt=\"\" srcset=\"https:\/\/antonionoir.com.br\/wp-content\/uploads\/2018\/08\/premium-plus16-150x150.jpg 150w, https:\/\/antonionoir.com.br\/wp-content\/uploads\/2018\/08\/premium-plus16-50x50.jpg 50w, https:\/\/antonionoir.com.br\/wp-content\/uploads\/2018\/08\/premium-plus16-300x300.jpg 300w, https:\/\/antonionoir.com.br\/wp-content\/uploads\/2018\/08\/premium-plus16-260x260.jpg 260w\" sizes=\"(max-width: 150px) 100vw, 150px\" \/><\/a><\/figure><\/li><li class=\"cmsmasters_gallery_item\"><figure><a href=\"https:\/\/antonionoir.com.br\/wp-content\/uploads\/2018\/08\/premium-plus17.jpg\" rel=\"ilightbox[69f396f964f7b]\"><img loading=\"lazy\" decoding=\"async\" width=\"150\" height=\"150\" src=\"https:\/\/antonionoir.com.br\/wp-content\/uploads\/2018\/08\/premium-plus17-150x150.jpg\" class=\"attachment-thumbnail size-thumbnail\" alt=\"\" srcset=\"https:\/\/antonionoir.com.br\/wp-content\/uploads\/2018\/08\/premium-plus17-150x150.jpg 150w, https:\/\/antonionoir.com.br\/wp-content\/uploads\/2018\/08\/premium-plus17-50x50.jpg 50w, https:\/\/antonionoir.com.br\/wp-content\/uploads\/2018\/08\/premium-plus17-300x300.jpg 300w, https:\/\/antonionoir.com.br\/wp-content\/uploads\/2018\/08\/premium-plus17-260x260.jpg 260w\" sizes=\"(max-width: 150px) 100vw, 150px\" \/><\/a><\/figure><\/li><li class=\"cmsmasters_gallery_item\"><figure><a href=\"https:\/\/antonionoir.com.br\/wp-content\/uploads\/2018\/08\/premium-plus18.jpg\" rel=\"ilightbox[69f396f964f7b]\"><img loading=\"lazy\" decoding=\"async\" width=\"150\" height=\"150\" src=\"https:\/\/antonionoir.com.br\/wp-content\/uploads\/2018\/08\/premium-plus18-150x150.jpg\" class=\"attachment-thumbnail size-thumbnail\" alt=\"\" srcset=\"https:\/\/antonionoir.com.br\/wp-content\/uploads\/2018\/08\/premium-plus18-150x150.jpg 150w, https:\/\/antonionoir.com.br\/wp-content\/uploads\/2018\/08\/premium-plus18-50x50.jpg 50w, https:\/\/antonionoir.com.br\/wp-content\/uploads\/2018\/08\/premium-plus18-300x300.jpg 300w, https:\/\/antonionoir.com.br\/wp-content\/uploads\/2018\/08\/premium-plus18-260x260.jpg 260w\" sizes=\"(max-width: 150px) 100vw, 150px\" \/><\/a><\/figure><\/li><li class=\"cmsmasters_gallery_item\"><figure><a href=\"https:\/\/antonionoir.com.br\/wp-content\/uploads\/2018\/08\/premium-plus19.jpg\" rel=\"ilightbox[69f396f964f7b]\"><img loading=\"lazy\" decoding=\"async\" width=\"150\" height=\"150\" src=\"https:\/\/antonionoir.com.br\/wp-content\/uploads\/2018\/08\/premium-plus19-150x150.jpg\" class=\"attachment-thumbnail size-thumbnail\" alt=\"\" srcset=\"https:\/\/antonionoir.com.br\/wp-content\/uploads\/2018\/08\/premium-plus19-150x150.jpg 150w, https:\/\/antonionoir.com.br\/wp-content\/uploads\/2018\/08\/premium-plus19-50x50.jpg 50w, https:\/\/antonionoir.com.br\/wp-content\/uploads\/2018\/08\/premium-plus19-300x300.jpg 300w, https:\/\/antonionoir.com.br\/wp-content\/uploads\/2018\/08\/premium-plus19-260x260.jpg 260w\" sizes=\"(max-width: 150px) 100vw, 150px\" \/><\/a><\/figure><\/li><li class=\"cmsmasters_gallery_item\"><figure><a href=\"https:\/\/antonionoir.com.br\/wp-content\/uploads\/2018\/08\/premium-plus20.jpg\" rel=\"ilightbox[69f396f964f7b]\"><img loading=\"lazy\" decoding=\"async\" width=\"150\" height=\"150\" src=\"https:\/\/antonionoir.com.br\/wp-content\/uploads\/2018\/08\/premium-plus20-150x150.jpg\" class=\"attachment-thumbnail size-thumbnail\" alt=\"\" srcset=\"https:\/\/antonionoir.com.br\/wp-content\/uploads\/2018\/08\/premium-plus20-150x150.jpg 150w, https:\/\/antonionoir.com.br\/wp-content\/uploads\/2018\/08\/premium-plus20-50x50.jpg 50w, https:\/\/antonionoir.com.br\/wp-content\/uploads\/2018\/08\/premium-plus20-300x300.jpg 300w, https:\/\/antonionoir.com.br\/wp-content\/uploads\/2018\/08\/premium-plus20-260x260.jpg 260w\" sizes=\"(max-width: 150px) 100vw, 150px\" \/><\/a><\/figure><\/li><\/ul><script type=\"text\/javascript\">\n\t\t\t\tjQuery(document).ready(function () {\n\t\t\t\t\t(function ($) {\n\t\t\t\t\t\tif ($('#cmsmasters_gallery_69f396f964f7b').find('.cmsmasters_gallery_item').length == '0') {\n\t\t\t\t\t\t\treturn false;\n\t\t\t\t\t\t}\n\t\t\t\t\t\t\n\t\t\t\t\t\t\n\t\t\t\t\t\tstartGallery( \n\t\t\t\t\t\t\t'69f396f964f7b', \n\t\t\t\t\t\t\t'grid', \n\t\t\t\t\t\t\t'false', \n\t\t\t\t\t\t\t'false' \n\t\t\t\t\t\t);\n\t\t\t\t\t} )(jQuery);\n\t\t\t\t} );\n\t\t\t<\/script>\n\t\t\t<\/div>\n<div id=\"cmsmasters_button_69f396f973bba\" class=\"button_wrap\"><a href=\"https:\/\/antonionoir.com.br\/index.php\/fale-conosco\/\" class=\"ripple cmsmasters_button\" target=\"_blank\"><span>Solicitar Cota\u00e7\u00e3o<\/span><\/a><\/div>\n<\/div>\n<div class=\"cmsmasters_column one_half\">\n<div class=\"cmsmasters_text\">\n<h5>DESCRI\u00c7\u00c3O DO PRODUTO<\/h5>\n<p><em>TECIDO 100% ALGOD\u00c3O COM 130 FIOS<\/em><\/p>\n<h4>JOGO DE CAMA SOLTEIRO:<\/h4>\n<p>1 LEN\u00c7OL 2,40M x 1,60M<br \/>\n1 LEN\u00c7OL COM EL\u00c1STICO PARA COLCH\u00c3O AT\u00c9 1,90M x 90CM x 30CM<br \/>\n1 FRONHA 50CM x 70CM<\/p>\n<h4>JOGO DE CAMA CASAL:<\/h4>\n<p>1 LEN\u00c7OL 2,00M x 2,40M<br \/>\n1 LEN\u00c7OL COM EL\u00c1STICO PARA COLCH\u00c3O AT\u00c9 1,88M x 1,38M x 30CM<br \/>\n2 FRONHAS 50CM x 70CM<\/p>\n<h4>JOGO DE CAMA QUEEN:<\/h4>\n<p>1 LEN\u00c7OL 2,40M x 2,30M<br \/>\n1 LEN\u00c7OL COM EL\u00c1STICO PARA COLCH\u00c3O AT\u00c9 2,00M x 1,60M x 30CM<br \/>\n2 FRONHAS 50CM x 70CM<\/p>\n<h4>JOGO DE CAMA KING:<\/h4>\n<p>1 LEN\u00c7OL 2,90M x 2,50M<br \/>\n1 LEN\u00c7OL COM EL\u00c1STICO PARA COLCH\u00c3O AT\u00c9 2,03M x 1,93M x 40CM<br \/>\n2 FRONHAS 50CM x 70CM<\/p>\n<h4>JOGO DE CAMA SOLTEIRO 2 PE\u00c7AS:<\/h4>\n<p>1 LEN\u00c7OL 2,40M x 1,60M<br \/>\n1 FRONHA 50CM x 70CM<\/p>\n<h4>JOGO DE CAMA CASAL 3 PE\u00c7AS:<\/h4>\n<p>1 LEN\u00c7OL 2,40M x 2,00M<br \/>\n2 FRONHAS 50CM x 70CM<\/p>\n<\/div>\n<\/div>\n<\/div>\n<\/div>\n<\/div>\n<\/div>\n<\/div>\n\n","protected":false},"excerpt":{"rendered":"","protected":false},"author":1,"featured_media":0,"parent":0,"menu_order":0,"comment_status":"closed","ping_status":"closed","template":"","meta":{"footnotes":""},"class_list":["post-5547","page","type-page","status-publish","hentry"],"_links":{"self":[{"href":"https:\/\/antonionoir.com.br\/index.php\/wp-json\/wp\/v2\/pages\/5547","targetHints":{"allow":["GET"]}}],"collection":[{"href":"https:\/\/antonionoir.com.br\/index.php\/wp-json\/wp\/v2\/pages"}],"about":[{"href":"https:\/\/antonionoir.com.br\/index.php\/wp-json\/wp\/v2\/types\/page"}],"author":[{"embeddable":true,"href":"https:\/\/antonionoir.com.br\/index.php\/wp-json\/wp\/v2\/users\/1"}],"replies":[{"embeddable":true,"href":"https:\/\/antonionoir.com.br\/index.php\/wp-json\/wp\/v2\/comments?post=5547"}],"version-history":[{"count":0,"href":"https:\/\/antonionoir.com.br\/index.php\/wp-json\/wp\/v2\/pages\/5547\/revisions"}],"wp:attachment":[{"href":"https:\/\/antonionoir.com.br\/index.php\/wp-json\/wp\/v2\/media?parent=5547"}],"curies":[{"name":"wp","href":"https:\/\/api.w.org\/{rel}","templated":true}]}}