{"id":5867,"date":"2022-08-30T11:15:57","date_gmt":"2022-08-30T11:15:57","guid":{"rendered":"http:\/\/antonionoir.com.br\/?page_id=5867"},"modified":"2025-09-09T22:46:21","modified_gmt":"2025-09-09T22:46:21","slug":"yohana","status":"publish","type":"page","link":"https:\/\/antonionoir.com.br\/index.php\/yohana\/","title":{"rendered":"Yohana"},"content":{"rendered":"<style type=\"text\/css\"><\/style>\t\t<div data-elementor-type=\"wp-page\" data-elementor-id=\"5867\" class=\"elementor elementor-5867\">\n\t\t\t\t<div class=\"elementor-element elementor-element-6ad1b2b7 e-flex e-con-boxed e-con e-parent\" data-id=\"6ad1b2b7\" data-element_type=\"container\">\n\t\t\t\t\t<div class=\"e-con-inner\">\n\t\t\t\t<div class=\"elementor-element elementor-element-1ba5f15b elementor-widget elementor-widget-text-editor\" data-id=\"1ba5f15b\" data-element_type=\"widget\" data-widget_type=\"text-editor.default\">\n\t\t\t\t\t\t\t\t\t<div class=\"vce-row-container\" data-vce-boxed-width=\"true\"><div id=\"el-3cc70498\" class=\"vce-row vce-row--col-gap-30 vce-row-equal-height vce-row-content--top\" data-vce-do-apply=\"all el-3cc70498\"><div class=\"vce-content-background-container\">\u00a0<\/div><div class=\"vce-row-content\" data-vce-element-content=\"true\"><p><!-- vcwb\/dynamicElementComment:2ef17324 --><\/p><div id=\"el-2ef17324\" class=\"vce-col vce-col--md-auto vce-col--xs-1 vce-col--xs-last vce-col--xs-first vce-col--sm-last vce-col--sm-first vce-col--md-first vce-col--lg-first vce-col--xl-first\"><div class=\"vce-col-inner\" data-vce-do-apply=\"border margin background el-2ef17324\"><div class=\"vce-col-content\" data-vce-element-content=\"true\" data-vce-do-apply=\"padding el-2ef17324\"><p><!-- vcwb\/dynamicElementComment:d7892a4c --><!-- \/vcwb\/dynamicElementComment:d7892a4c --><!-- vcwb\/dynamicElementComment:991bf938 --><!-- \/vcwb\/dynamicElementComment:991bf938 --><!-- vcwb\/dynamicElementComment:d7892a4c --><!-- \/vcwb\/dynamicElementComment:d7892a4c --><!-- vcwb\/dynamicElementComment:e7336a2d --><!-- \/vcwb\/dynamicElementComment:e7336a2d --><!-- vcwb\/dynamicElementComment:b298834c --><!-- \/vcwb\/dynamicElementComment:b298834c --><!-- vcwb\/dynamicElementComment:d7892a4c --><!-- vcwb\/dynamicElementComment:b298834c --><!-- \/vcwb\/dynamicElementComment:b298834c --><!-- vcwb\/dynamicElementComment:991bf938 --><!-- \/vcwb\/dynamicElementComment:991bf938 --><!-- vcwb\/dynamicElementComment:d7892a4c --><!-- \/vcwb\/dynamicElementComment:d7892a4c --><!-- vcwb\/dynamicElementComment:e7336a2d --><!-- \/vcwb\/dynamicElementComment:e7336a2d --><!-- vcwb\/dynamicElementComment:991bf938 --><\/p><div class=\"vce-single-image-container vce-single-image--align-center\"><div id=\"el-991bf938\" class=\"vce vce-single-image-wrapper\" data-vce-do-apply=\"all el-991bf938\"><figure><div class=\"vce-single-image-figure-inner\" style=\"width: 260px;\"><div class=\"vce-single-image-inner vce-single-image--absolute\" style=\"width: 100%; padding-bottom: 30.7692%;\">\u00a0<span style=\"color: #212121; font-family: Roboto, Arial, Helvetica, 'Nimbus Sans L', sans-serif; font-size: 20px;\">Yohana Enxovais &#8211; Sarja brim Tingimento reativo e Idanthren<\/span><\/div><\/div><\/figure><\/div><\/div><div class=\"vce-text-block\"><div id=\"el-d7892a4c\" class=\"vce-text-block-wrapper vce\" data-vce-do-apply=\"all el-d7892a4c\"><p>A\u00a0<strong>Yohana<\/strong>, atrav\u00e9s de sua divis\u00e3o de produtos\u00a0<strong>t\u00eaxteis profissionais<\/strong>, leva at\u00e9 os maiores hot\u00e9is, pousadas, hospitais e atacadistas de todo o Brasil, tecidos e produtos acabados como fronhas, porta-travesseiros, len\u00e7\u00f3is, cobre leitos, colchas e edredons, entre outros.<\/p><p>Em seu parque fabril, a\u00a0<strong>Yohana T\u00eaxtil cuida de todo o processo produtivo<\/strong>\u00a0com cuidado e m\u00e3o de obra qualificada. Desde o controle do fio at\u00e9 o acabamento com rigoroso controle de qualidade, sem descuidar da\u00a0<strong>sustentabilidade e da responsabilidade com o meio ambiente<\/strong>.<\/p><p>Com foco no atendimento diferenciado, a\u00a0<strong>Yohana T\u00eaxtil entrega produtos personalizados<\/strong>\u00a0j\u00e1 com a marca do cliente bordada.<\/p><p>Trabalhamos com\u00a0<strong>tecidos imperme\u00e1veis, anti-al\u00e9rgico, anti-pilling, calandrado ou mistos, tecidos percal 130,160,180 fios mistos, estampado e lisos largura at\u00e9 3 metros<\/strong>\u00a0para suportar lavagens pesadas das lavanderias industriais.<\/p><p>A\u00a0<strong>Yohana T\u00eaxtil<\/strong>\u00a0tem o produto ideal para sua empresa, fale com nosso departamento comercial.<\/p><\/div><\/div><p><!-- \/vcwb\/dynamicElementComment:d7892a4c --><!-- vcwb\/dynamicElementComment:e7336a2d --><\/p><div class=\"vce-button--style-basic-container vce-button--style-basic-container--align-left\"><span id=\"el-e7336a2d\" class=\"vce-button--style-basic-wrapper vce vce-button--style-basic-wrapper--stretched\" data-vce-do-apply=\"margin el-e7336a2d\"><a class=\"vce-button vce-button--style-basic vce-button--style-basic--border-square vce-button--style-basic--size-medium vce-button--style-basic--color-557cbf--fff\" title=\"\" href=\"https:\/\/web.whatsapp.com\/send?l=en&amp;phone=5511996053535&amp;text=Ol%C3%A1%20Noir,%20tudo%20bem?\" target=\"_blank\" rel=\"noopener\" data-vce-do-apply=\"padding border background el-e7336a2d\">Representante Online<\/a><\/span><\/div><\/div><\/div><\/div><div id=\"el-365f9fa5\" class=\"vce-col vce-col--md-auto vce-col--xs-1 vce-col--xs-last vce-col--xs-first vce-col--sm-last vce-col--sm-first vce-col--md-last vce-col--lg-last vce-col--xl-last\"><div class=\"vce-col-inner\" data-vce-do-apply=\"border margin background el-365f9fa5\"><div class=\"vce-col-content\" data-vce-element-content=\"true\" data-vce-do-apply=\"padding el-365f9fa5\"><div class=\"vce-image-gallery vce-image-gallery--gap-10 vce-image-gallery--columns-2\"><div id=\"el-a8812308\" class=\"vce-image-gallery-wrapper vce\" data-vce-do-apply=\"all el-a8812308\"><div class=\"vce-image-gallery-list\"><div class=\"vce-image-gallery-item\"><figure class=\"vce-image-gallery-item-inner-wrapper\"><a class=\"vce-image-gallery-item-inner\" href=\"|!|vcvUploadUrl|!|\/2022\/08\/WhatsApp-Image-2022-08-30-at-13.45.33-1.jpeg\" data-lightbox=\"lightbox-a8812308\"><img decoding=\"async\" class=\"vce-image-gallery-img vce-image-gallery-img--orientation-portrait\" title=\"WhatsApp Image 2022-08-30 at 13.45.33 (1)\" src=\"|!|vcvUploadUrl|!|\/2022\/08\/WhatsApp-Image-2022-08-30-at-13.45.33-1.jpeg\" alt=\"\" \/><\/a><\/figure><\/div><div class=\"vce-image-gallery-item\"><figure class=\"vce-image-gallery-item-inner-wrapper\"><a class=\"vce-image-gallery-item-inner\" href=\"|!|vcvUploadUrl|!|\/2022\/08\/WhatsApp-Image-2022-08-30-at-13.45.33.jpeg\" data-lightbox=\"lightbox-a8812308\"><img decoding=\"async\" class=\"vce-image-gallery-img vce-image-gallery-img--orientation-portrait\" title=\"WhatsApp Image 2022-08-30 at 13.45.33\" src=\"|!|vcvUploadUrl|!|\/2022\/08\/WhatsApp-Image-2022-08-30-at-13.45.33-941x1024.jpeg\" alt=\"\" \/><\/a><\/figure><\/div><div class=\"vce-image-gallery-item\"><figure class=\"vce-image-gallery-item-inner-wrapper\"><a class=\"vce-image-gallery-item-inner\" href=\"|!|vcvUploadUrl|!|\/2022\/08\/WhatsApp-Image-2022-08-30-at-13.46.56-1.jpeg\" data-lightbox=\"lightbox-a8812308\"><img decoding=\"async\" class=\"vce-image-gallery-img\" title=\"WhatsApp Image 2022-08-30 at 13.46.56 (1)\" src=\"|!|vcvUploadUrl|!|\/2022\/08\/WhatsApp-Image-2022-08-30-at-13.46.56-1.jpeg\" alt=\"\" \/><\/a><\/figure><\/div><div class=\"vce-image-gallery-item\"><figure class=\"vce-image-gallery-item-inner-wrapper\"><img decoding=\"async\" class=\"vce-image-gallery-img\" title=\"WhatsApp Image 2022-08-30 at 13.46.56\" src=\"|!|vcvUploadUrl|!|\/2022\/08\/WhatsApp-Image-2022-08-30-at-13.46.56.jpeg\" alt=\"\" \/><\/figure><\/div><\/div><\/div><\/div><\/div><\/div><\/div><\/div><\/div><\/div><div class=\"vce-row-container\" data-vce-boxed-width=\"true\"><div id=\"el-6a6053d5\" class=\"vce-row vce-row--col-gap-30 vce-row-equal-height vce-row-content--top\" data-vce-do-apply=\"all el-6a6053d5\"><div class=\"vce-row-content\" data-vce-element-content=\"true\"><p><!-- vcwb\/dynamicElementComment:7623b685 --><\/p><div id=\"el-7623b685\" class=\"vce-col vce-col--md-auto vce-col--xs-1 vce-col--xs-last vce-col--xs-first vce-col--sm-last vce-col--sm-first vce-col--md-last vce-col--lg-last vce-col--xl-last vce-col--md-first vce-col--lg-first vce-col--xl-first\"><div class=\"vce-col-inner\" data-vce-do-apply=\"border margin background el-7623b685\"><div class=\"vce-col-content\" data-vce-element-content=\"true\" data-vce-do-apply=\"padding el-7623b685\"><p><!-- vcwb\/dynamicElementComment:79f8f675 --><\/p><div class=\"vce-text-block\"><div id=\"el-79f8f675\" class=\"vce-text-block-wrapper vce\" data-vce-do-apply=\"all el-79f8f675\"><h2><strong>LAN\u00c7AMENTO TECIDO BRIM SARJA 2X1<\/strong><\/h2><p><strong><u>DESCRI\u00c7\u00c3O<\/u><\/strong><\/p><p>BRIM ELABORADO COM MISTURA FIO DE POLI\u00c9STER (82%) EM FIO DE ALGOD\u00c3O (18%). POLIESTER EM CONTRU\u00c7\u00c3O SARJA 2X1 200G\/M2 E 250G\/M2 TORNANDO-O UM BRIM ESPECIAL, J\u00c1 QUE ESTA MISTURA PROPORCIONA UMA RESIST\u00caNCIA MAIOR NA ESTRUTURA DO TECIDO E TAMB\u00c9M NA MANUTEN\u00c7\u00c3O DA SUA COR AO LONGO DO TEMPO EM COMPARA\u00c7\u00c3O AO BRIM COMUM.<\/p><p>POSSUI TINGIMENTO PROFISSIONAL DE ALTA QUALIDADE E DURABILIDADE.<\/p><p>ESTE\u00a0BRIM\u00a0\u00c9 INDICADO PARA A CONFEC\u00c7\u00c3O DE ROUPAS (UNIFORMES) ONDE A DURABILIDADE DA PE\u00c7A CONFECIONADA \u00c9 UM FATOR IMPORTANTE.<\/p><p>POSSUI DIVERSAS CORES TINGIMENTO NORMAL E INDANTHREN.<\/p><p>RESISTENTE A LAVANDERIA INDUSTRIAL.<\/p><p>\u00a0<strong><u>UTILIZE ESSE TECIDO PARA<\/u><\/strong><\/p><ul><li>UNIFORMES PROFISSIONAIS (FARDAS MILITARES, CAL\u00c7AS, JALECOS)<\/li><li>SETOR HOSPITALAR CAMPO CIRURGICO<\/li><li>ROUPAS EM GERAL (BERMUDAS, SHORTS, JAQUETAS)<\/li><li>ARTESANATO (ALMOFADAS, CAPAS DE SOF\u00c1, BON\u00c9S, MOCHILAS)<\/li><\/ul><p><strong>MODO DE LAVAGEM <\/strong><\/p><ul><li>TEMPERATURA DE LAVAGEM 60\u00b0C<\/li><li>N\u00c3O \u00c9 PERMITIDA COM PRODUTOS QUE CONTENHAM CLORO<\/li><li>PERMITIDO SECADORA \u00c1 TEMPERATURA M\u00c1XIMA DE 65\u00b0C<\/li><li>PASSAR FERRO NO M\u00cdNIMO A 150\u00b0C<\/li><li>PERMITIDO LAVAGEM A SECO<\/li><li>LIMPEZA A \u00daMIDO PROFISSIONAL<\/li><\/ul><\/div><\/div><p><!-- \/vcwb\/dynamicElementComment:79f8f675 --><\/p><\/div><\/div><\/div><p><!-- \/vcwb\/dynamicElementComment:7623b685 --><\/p><\/div><\/div><\/div><p><!-- \/vcwb\/dynamicElementComment:6a6053d5 --><!--vcv no format--><\/p>\t\t\t\t\t\t\t\t<\/div>\n\t\t\t\t\t<\/div>\n\t\t\t\t<\/div>\n\t\t\t\t<\/div>\n\t\t","protected":false},"excerpt":{"rendered":"<p>\u00a0 \u00a0Yohana Enxovais &#8211; Sarja brim Tingimento reativo e Idanthren A\u00a0Yohana, atrav\u00e9s de sua divis\u00e3o de produtos\u00a0t\u00eaxteis profissionais, leva at\u00e9 os maiores hot\u00e9is, pousadas, hospitais e atacadistas de todo o Brasil, tecidos e produtos acabados como fronhas, porta-travesseiros, len\u00e7\u00f3is, cobre leitos, colchas e edredons, entre outros. Em seu parque fabril, a\u00a0Yohana T\u00eaxtil cuida de todo&#8230;<\/p>\n","protected":false},"author":1,"featured_media":0,"parent":0,"menu_order":0,"comment_status":"closed","ping_status":"closed","template":"","meta":{"footnotes":""},"class_list":["post-5867","page","type-page","status-publish","hentry"],"_links":{"self":[{"href":"https:\/\/antonionoir.com.br\/index.php\/wp-json\/wp\/v2\/pages\/5867","targetHints":{"allow":["GET"]}}],"collection":[{"href":"https:\/\/antonionoir.com.br\/index.php\/wp-json\/wp\/v2\/pages"}],"about":[{"href":"https:\/\/antonionoir.com.br\/index.php\/wp-json\/wp\/v2\/types\/page"}],"author":[{"embeddable":true,"href":"https:\/\/antonionoir.com.br\/index.php\/wp-json\/wp\/v2\/users\/1"}],"replies":[{"embeddable":true,"href":"https:\/\/antonionoir.com.br\/index.php\/wp-json\/wp\/v2\/comments?post=5867"}],"version-history":[{"count":0,"href":"https:\/\/antonionoir.com.br\/index.php\/wp-json\/wp\/v2\/pages\/5867\/revisions"}],"wp:attachment":[{"href":"https:\/\/antonionoir.com.br\/index.php\/wp-json\/wp\/v2\/media?parent=5867"}],"curies":[{"name":"wp","href":"https:\/\/api.w.org\/{rel}","templated":true}]}}