{"id":648,"date":"2015-01-05T09:09:02","date_gmt":"2015-01-05T09:09:02","guid":{"rendered":"http:\/\/localhost\/web\/wp\/epicon\/?page_id=648"},"modified":"2016-03-11T12:04:45","modified_gmt":"2016-03-11T12:04:45","slug":"about-us","status":"publish","type":"page","link":"https:\/\/antonionoir.com.br\/index.php\/about-us\/","title":{"rendered":"Sobre N\u00f3s"},"content":{"rendered":"<style type=\"text\/css\"><\/style><p>[idz_col_12 class=&#8221;&#8221; animate=&#8221;fadeInDown&#8221;]<\/p>\n<p>[idz_heading tag=&#8221;h3&#8243; class=&#8221; firstword-bold&#8221;]<\/p>\n<p>Noir Representa\u00e7\u00f5es T\u00eaxteis LTDA<\/p>\n<p>[\/idz_heading]<\/p>\n<p>Uma empresa que estabelece como trabalho levar &#8220;o melhor&#8221; com qualidade e respeito aos nossos clientes.<\/p>\n<p>A NOIR REPRESENTA\u00c7\u00d5ES T\u00caXTEIS LTDA foi fundada por Antonio Noir na cidade de S\u00e3o Paulo &#8211; SP, em fevereiro de 1980.<\/p>\n<p>A Noir Representa\u00e7\u00f5es Texteis LTDA sempre atuou e focou no ramo t\u00eaxtil generalista, dentro deles, segmento de enxovais em geral, roupas de cama, mesa, banho, tecidos a metro, cortinas e tapetes.<\/p>\n<p>Como meta, apresenta resultados consider\u00e1veis, trazendo produtos com qualidade e grande diversifica\u00e7\u00e3o; levando-se em considera\u00e7\u00e3o seus 35 anos de experi\u00eancia, conquistando uma grande carteira de clientes como: magazines, supermercados, atacado e varejo, hotelaria, lavanderias, representando diversas marcas: Artex, Kacyumara, OBER, Estamparia, Edromania, Utilimark e Importadoras como: Capric\u00f3rnio.<\/p>\n<p>[idz_button color=&#8221;&#8221; size=&#8221;small&#8221; label=&#8221;Fique por dentro&#8221; icon=&#8221;icon-chevron-right&#8221; link=&#8221;http:\/\/www.facebook.com&#8221; target=&#8221;_blank&#8221; type=&#8221;square&#8221; class=&#8221;&#8221;]<\/p>\n<p>[\/idz_col_12]<\/p>\n<p>[idz_col_12 class=&#8221;&#8221; animate=&#8221;fadeInDown&#8221;]<\/p>\n<p>[idz_tabs menu_position=&#8221;top&#8221; showicon=&#8221;yes&#8221;]<br \/>\n[idz_tab title=&#8221;Rep. Atuais&#8221; icon=&#8221;icon-bookthree&#8221;]<\/p>\n<p>[idz_dropcap type=&#8221;1&#8243;]A[\/idz_dropcap]\u00a0tualmente estamos representando as fabricantes: Edromania, Estamparia, Utilimark, Toalhas NT e Dafe Tapetes.<\/p>\n<p>[\/idz_tab]<\/p>\n<p>[idz_tab title=&#8221;Servi\u00e7os&#8221; icon=&#8221;icon-leaf&#8221;]<\/p>\n<p>[idz_dropcap type=&#8221;1&#8243;]C[\/idz_dropcap]om foco em excelentes resultados em vendas, a NOIR REPRESENTA\u00c7OES TEXTEIS LTDA, tem como miss\u00e3o levar aos nosso clientes \u00f3timas oportunidades de neg\u00f3cios contribuindo com o crescimento de nossas representadas, sobre tudo com qualidade e \u00e9tica profissional.<\/p>\n<p>[\/idz_tab]<br \/>\n[idz_tab title=&#8221;Atua\u00e7\u00e3o&#8221; icon=&#8221;icon-puzzle-plugin&#8221;]<\/p>\n<p>[idz_list type=&#8221;check&#8221;]<\/p>\n<p>Nossa carteira de clientes ativos e diversificados, distribu\u00eddos na grande S\u00e3o Paulo\u00a0 Supermercados, Hipermercados,\u00a0 Br\u00e1s 25 de mar\u00e7o Atacado e Varejo.<\/p>\n<ul>\n<li>Mantendo o prop\u00f3sito de atender \u00e0s necessidades de nossos clientes e firmar parcerias duradouras com seus clientes e Representadas.<\/li>\n<\/ul>\n<p>[\/idz_list]<\/p>\n<p>[\/idz_tab]<br \/>\n[\/idz_tabs]<\/p>\n<p>[\/idz_col_12]<\/p>\n<p>[idz_spacer height=&#8221;20&#8243; color=&#8221;&#8221; class=&#8221;&#8221;]<\/p>\n<p>[idz_wrapbox bg_color=&#8221;#ff8d2c&#8221; bg_image=&#8221;http:\/\/www.rmsweb.com.br\/noir\/imagens\/capacidade1.jpg&#8221; parallax=&#8221;yes&#8221; class=&#8221;text-center colorwhite customcolor&#8221;]<\/p>\n<p>[idz_col_full_nested class=&#8221;text-center&#8221; animate=&#8221;fadeInDown&#8221;]<\/p>\n<p>[idz_heading tag=&#8221;h3&#8243; class=&#8221;lastword-bold&#8221;]Abrang\u00eancia[\/idz_heading]<\/p>\n<p>[\/idz_col_full_nested]<\/p>\n<p>[idz_spacer height=&#8221;10&#8243; color=&#8221;&#8221; class=&#8221;&#8221;]<\/p>\n<p>[idz_col_14 class=&#8221;&#8221; animate=&#8221;fadeInDown&#8221;]<\/p>\n<p>[idz_progress_bar title=&#8221;Cama&#8221; color=&#8221;white&#8221; type=&#8221;circle&#8221; value=&#8221;90&#8243;]<\/p>\n<p>Confec\u00e7\u00f5es Variadas, X FIOS.<\/p>\n<p>[\/idz_col_14]<\/p>\n<p>[idz_col_14 class=&#8221;&#8221; animate=&#8221;fadeInDown&#8221;]<\/p>\n<p>[idz_progress_bar title=&#8221;Mesa&#8221; color=&#8221;white&#8221; type=&#8221;circle&#8221; value=&#8221;75&#8243;]<\/p>\n<p>Confec\u00e7\u00f5es Variadas, X FIOS.<\/p>\n<p>[\/idz_col_14]<\/p>\n<p>[idz_col_14 class=&#8221;&#8221; animate=&#8221;fadeInDown&#8221;]<\/p>\n<p>[idz_progress_bar title=&#8221;Banho&#8221; color=&#8221;white&#8221; type=&#8221;circle&#8221; value=&#8221;80&#8243;]<\/p>\n<p>Confec\u00e7\u00f5es Variadas, X FIOS.<\/p>\n<p>[\/idz_col_14]<\/p>\n<p>[idz_col_14 class=&#8221;&#8221; animate=&#8221;fadeInDown&#8221;]<\/p>\n<p>[idz_progress_bar title=&#8221;Outras Confec\u00e7\u00f5es&#8221; color=&#8221;white&#8221; type=&#8221;circle&#8221; value=&#8221;85&#8243;]<\/p>\n<p>Confec\u00e7\u00f5es Variadas, X FIOS.<\/p>\n<p>[\/idz_col_14]<\/p>\n<p>[idz_clear]<\/p>\n<p>[\/idz_wrapbox]<\/p>\n<p>[idz_spacer height=&#8221;30&#8243; color=&#8221;&#8221; class=&#8221;&#8221;]<\/p>\n","protected":false},"excerpt":{"rendered":"<p>[idz_col_12 class=&#8221;&#8221; animate=&#8221;fadeInDown&#8221;] [idz_heading tag=&#8221;h3&#8243; class=&#8221; firstword-bold&#8221;] Noir Representa\u00e7\u00f5es T\u00eaxteis LTDA [\/idz_heading] Uma empresa que estabelece como trabalho levar &#8220;o melhor&#8221; com qualidade e respeito aos nossos clientes. A NOIR REPRESENTA\u00c7\u00d5ES T\u00caXTEIS LTDA foi fundada por Antonio Noir na cidade de S\u00e3o Paulo &#8211; SP, em fevereiro de 1980. A Noir Representa\u00e7\u00f5es Texteis LTDA sempre&#8230;<\/p>\n","protected":false},"author":1,"featured_media":0,"parent":0,"menu_order":0,"comment_status":"open","ping_status":"open","template":"","meta":{"footnotes":""},"class_list":["post-648","page","type-page","status-publish","hentry"],"_links":{"self":[{"href":"https:\/\/antonionoir.com.br\/index.php\/wp-json\/wp\/v2\/pages\/648","targetHints":{"allow":["GET"]}}],"collection":[{"href":"https:\/\/antonionoir.com.br\/index.php\/wp-json\/wp\/v2\/pages"}],"about":[{"href":"https:\/\/antonionoir.com.br\/index.php\/wp-json\/wp\/v2\/types\/page"}],"author":[{"embeddable":true,"href":"https:\/\/antonionoir.com.br\/index.php\/wp-json\/wp\/v2\/users\/1"}],"replies":[{"embeddable":true,"href":"https:\/\/antonionoir.com.br\/index.php\/wp-json\/wp\/v2\/comments?post=648"}],"version-history":[{"count":0,"href":"https:\/\/antonionoir.com.br\/index.php\/wp-json\/wp\/v2\/pages\/648\/revisions"}],"wp:attachment":[{"href":"https:\/\/antonionoir.com.br\/index.php\/wp-json\/wp\/v2\/media?parent=648"}],"curies":[{"name":"wp","href":"https:\/\/api.w.org\/{rel}","templated":true}]}}